{"id":109,"date":"2021-10-30T10:13:14","date_gmt":"2021-10-30T10:13:14","guid":{"rendered":"https:\/\/kits.themecy.com\/memberships-3\/?page_id=109"},"modified":"2024-05-08T01:13:51","modified_gmt":"2024-05-08T01:13:51","slug":"our-services","status":"publish","type":"page","link":"https:\/\/aahin.com\/en\/our-services\/","title":{"rendered":"Services"},"content":{"rendered":"<div data-elementor-type=\"wp-page\" data-elementor-id=\"109\" class=\"elementor elementor-109\">\n\t\t\t\t\t\t<section class=\"elementor-section elementor-top-section elementor-element elementor-element-676e9f0 elementor-section-boxed elementor-section-height-default elementor-section-height-default\" data-id=\"676e9f0\" data-element_type=\"section\" data-e-type=\"section\">\n\t\t\t\t\t\t\t<div class=\"elementor-background-overlay\"><\/div>\n\t\t\t\t\t\t\t<div class=\"elementor-container elementor-column-gap-default\">\n\t\t\t\t\t<div class=\"elementor-column elementor-col-100 elementor-top-column elementor-element elementor-element-5fb1b36\" data-id=\"5fb1b36\" data-element_type=\"column\" data-e-type=\"column\">\n\t\t\t<div class=\"elementor-widget-wrap elementor-element-populated\">\n\t\t\t\t\t\t<section class=\"elementor-section elementor-inner-section elementor-element elementor-element-0798747 elementor-section-boxed elementor-section-height-default elementor-section-height-default\" data-id=\"0798747\" data-element_type=\"section\" data-e-type=\"section\">\n\t\t\t\t\t\t<div class=\"elementor-container elementor-column-gap-default\">\n\t\t\t\t\t<div class=\"elementor-column elementor-col-100 elementor-inner-column elementor-element elementor-element-f45ddd5\" data-id=\"f45ddd5\" data-element_type=\"column\" data-e-type=\"column\">\n\t\t\t<div class=\"elementor-widget-wrap elementor-element-populated\">\n\t\t\t\t\t\t<div class=\"elementor-element elementor-element-71faa70 elementor-widget elementor-widget-heading\" data-id=\"71faa70\" data-element_type=\"widget\" data-e-type=\"widget\" data-widget_type=\"heading.default\">\n\t\t\t\t<div class=\"elementor-widget-container\">\n\t\t\t\t\t<h1 class=\"elementor-heading-title elementor-size-default\">Our Services<\/h1>\t\t\t\t<\/div>\n\t\t\t\t<\/div>\n\t\t\t\t<div class=\"elementor-element elementor-element-05d0090 elementor-widget elementor-widget-text-editor\" data-id=\"05d0090\" data-element_type=\"widget\" data-e-type=\"widget\" data-widget_type=\"text-editor.default\">\n\t\t\t\t<div class=\"elementor-widget-container\">\n\t\t\t\t\t\t\t\t\t<p>Entendemos la importancia de contar con una cobertura m\u00e9dica confiable y completa para ti y tu familia. Nuestros planes de seguro de salud est\u00e1n dise\u00f1ados para brindarte la tranquilidad y protecci\u00f3n que necesitas en cada etapa de tu vida.<\/p>\t\t\t\t\t\t\t\t<\/div>\n\t\t\t\t<\/div>\n\t\t\t\t\t<\/div>\n\t\t<\/div>\n\t\t\t\t\t<\/div>\n\t\t<\/section>\n\t\t\t\t\t<\/div>\n\t\t<\/div>\n\t\t\t\t\t<\/div>\n\t\t<\/section>\n\t\t\t\t<section class=\"elementor-section elementor-top-section elementor-element elementor-element-f5d5924 elementor-section-boxed elementor-section-height-default elementor-section-height-default\" data-id=\"f5d5924\" data-element_type=\"section\" data-e-type=\"section\" data-settings=\"{&quot;shape_divider_top&quot;:&quot;pyramids&quot;}\">\n\t\t\t\t\t\t\t<div class=\"elementor-background-overlay\"><\/div>\n\t\t\t\t\t\t<div class=\"elementor-shape elementor-shape-top\" aria-hidden=\"true\" data-negative=\"false\">\n\t\t\t<svg xmlns=\"http:\/\/www.w3.org\/2000\/svg\" viewbox=\"0 0 1000 100\" preserveaspectratio=\"none\">\n\t<path class=\"elementor-shape-fill\" d=\"M761.9,44.1L643.1,27.2L333.8,98L0,3.8V0l1000,0v3.9\"\/>\n<\/svg>\t\t<\/div>\n\t\t\t\t\t<div class=\"elementor-container elementor-column-gap-default\">\n\t\t\t\t\t<div class=\"elementor-column elementor-col-50 elementor-top-column elementor-element elementor-element-3528eb7\" data-id=\"3528eb7\" data-element_type=\"column\" data-e-type=\"column\">\n\t\t\t<div class=\"elementor-widget-wrap elementor-element-populated\">\n\t\t\t\t\t\t<section class=\"elementor-section elementor-inner-section elementor-element elementor-element-4a1e1a9 elementor-section-boxed elementor-section-height-default elementor-section-height-default\" data-id=\"4a1e1a9\" data-element_type=\"section\" data-e-type=\"section\" data-settings=\"{&quot;background_background&quot;:&quot;classic&quot;}\">\n\t\t\t\t\t\t<div class=\"elementor-container elementor-column-gap-default\">\n\t\t\t\t\t<div class=\"elementor-column elementor-col-50 elementor-inner-column elementor-element elementor-element-c4bc557\" data-id=\"c4bc557\" data-element_type=\"column\" data-e-type=\"column\">\n\t\t\t<div class=\"elementor-widget-wrap elementor-element-populated\">\n\t\t\t\t\t\t<div class=\"elementor-element elementor-element-ff752ee elementor-widget elementor-widget-image\" data-id=\"ff752ee\" data-element_type=\"widget\" data-e-type=\"widget\" data-widget_type=\"image.default\">\n\t\t\t\t<div class=\"elementor-widget-container\">\n\t\t\t\t\t\t\t\t\t\t\t\t\t\t\t\t<a href=\"https:\/\/aahin.com\/en\/quote\/\">\n\t\t\t\t\t\t\t<img fetchpriority=\"high\" decoding=\"async\" width=\"1024\" height=\"576\" src=\"https:\/\/aahin.com\/wp-content\/uploads\/2024\/03\/7-1024x576.png\" class=\"attachment-large size-large wp-image-1393\" alt=\"\" srcset=\"https:\/\/aahin.com\/wp-content\/uploads\/2024\/03\/7-1024x576.png 1024w, https:\/\/aahin.com\/wp-content\/uploads\/2024\/03\/7-300x169.png 300w, https:\/\/aahin.com\/wp-content\/uploads\/2024\/03\/7-768x432.png 768w, https:\/\/aahin.com\/wp-content\/uploads\/2024\/03\/7-18x10.png 18w, https:\/\/aahin.com\/wp-content\/uploads\/2024\/03\/7.png 1366w\" sizes=\"(max-width: 1024px) 100vw, 1024px\" \/>\t\t\t\t\t\t\t\t<\/a>\n\t\t\t\t\t\t\t\t\t\t\t\t\t\t\t<\/div>\n\t\t\t\t<\/div>\n\t\t\t\t\t<\/div>\n\t\t<\/div>\n\t\t\t\t<div class=\"elementor-column elementor-col-50 elementor-inner-column elementor-element elementor-element-b671ad1\" data-id=\"b671ad1\" data-element_type=\"column\" data-e-type=\"column\">\n\t\t\t<div class=\"elementor-widget-wrap elementor-element-populated\">\n\t\t\t\t\t\t<div class=\"elementor-element elementor-element-48526a0 elementor-widget elementor-widget-heading\" data-id=\"48526a0\" data-element_type=\"widget\" data-e-type=\"widget\" data-widget_type=\"heading.default\">\n\t\t\t\t<div class=\"elementor-widget-container\">\n\t\t\t\t\t<h6 class=\"elementor-heading-title elementor-size-default\">Seguro Medico Privado<\/h6>\t\t\t\t<\/div>\n\t\t\t\t<\/div>\n\t\t\t\t<div class=\"elementor-element elementor-element-111cf5d elementor-widget elementor-widget-text-editor\" data-id=\"111cf5d\" data-element_type=\"widget\" data-e-type=\"widget\" data-widget_type=\"text-editor.default\">\n\t\t\t\t<div class=\"elementor-widget-container\">\n\t\t\t\t\t\t\t\t\t<p>Ofrecidos por compa\u00f1\u00edas de seguros privadas, estos planes pueden variar en cuanto a cobertura y costos, y t\u00edpicamente requieren el pago de primas mensuales, deducibles y copagos.<\/p>\t\t\t\t\t\t\t\t<\/div>\n\t\t\t\t<\/div>\n\t\t\t\t\t<\/div>\n\t\t<\/div>\n\t\t\t\t\t<\/div>\n\t\t<\/section>\n\t\t\t\t<section class=\"elementor-section elementor-inner-section elementor-element elementor-element-0a1432a elementor-section-boxed elementor-section-height-default elementor-section-height-default\" data-id=\"0a1432a\" data-element_type=\"section\" data-e-type=\"section\" data-settings=\"{&quot;background_background&quot;:&quot;classic&quot;}\">\n\t\t\t\t\t\t<div class=\"elementor-container elementor-column-gap-default\">\n\t\t\t\t\t<div class=\"elementor-column elementor-col-50 elementor-inner-column elementor-element elementor-element-85827f3\" data-id=\"85827f3\" data-element_type=\"column\" data-e-type=\"column\">\n\t\t\t<div class=\"elementor-widget-wrap elementor-element-populated\">\n\t\t\t\t\t\t<div class=\"elementor-element elementor-element-713f6df elementor-widget elementor-widget-image\" data-id=\"713f6df\" data-element_type=\"widget\" data-e-type=\"widget\" data-widget_type=\"image.default\">\n\t\t\t\t<div class=\"elementor-widget-container\">\n\t\t\t\t\t\t\t\t\t\t\t\t\t\t\t\t<a href=\"https:\/\/aahin.com\/en\/quote\/\">\n\t\t\t\t\t\t\t<img decoding=\"async\" width=\"1024\" height=\"576\" src=\"https:\/\/aahin.com\/wp-content\/uploads\/2024\/03\/8-1024x576.png\" class=\"attachment-large size-large wp-image-162\" alt=\"\" srcset=\"https:\/\/aahin.com\/wp-content\/uploads\/2024\/03\/8-1024x576.png 1024w, https:\/\/aahin.com\/wp-content\/uploads\/2024\/03\/8-300x169.png 300w, https:\/\/aahin.com\/wp-content\/uploads\/2024\/03\/8-768x432.png 768w, https:\/\/aahin.com\/wp-content\/uploads\/2024\/03\/8-18x10.png 18w, https:\/\/aahin.com\/wp-content\/uploads\/2024\/03\/8.png 1366w\" sizes=\"(max-width: 1024px) 100vw, 1024px\" \/>\t\t\t\t\t\t\t\t<\/a>\n\t\t\t\t\t\t\t\t\t\t\t\t\t\t\t<\/div>\n\t\t\t\t<\/div>\n\t\t\t\t\t<\/div>\n\t\t<\/div>\n\t\t\t\t<div class=\"elementor-column elementor-col-50 elementor-inner-column elementor-element elementor-element-1a6577d\" data-id=\"1a6577d\" data-element_type=\"column\" data-e-type=\"column\">\n\t\t\t<div class=\"elementor-widget-wrap elementor-element-populated\">\n\t\t\t\t\t\t<div class=\"elementor-element elementor-element-d7779b7 elementor-widget elementor-widget-heading\" data-id=\"d7779b7\" data-element_type=\"widget\" data-e-type=\"widget\" data-widget_type=\"heading.default\">\n\t\t\t\t<div class=\"elementor-widget-container\">\n\t\t\t\t\t<h6 class=\"elementor-heading-title elementor-size-default\">Seguros Medicos del Marketplace<\/h6>\t\t\t\t<\/div>\n\t\t\t\t<\/div>\n\t\t\t\t<div class=\"elementor-element elementor-element-8e44d48 elementor-widget elementor-widget-text-editor\" data-id=\"8e44d48\" data-element_type=\"widget\" data-e-type=\"widget\" data-widget_type=\"text-editor.default\">\n\t\t\t\t<div class=\"elementor-widget-container\">\n\t\t\t\t\t\t\t\t\t<p>Establecido por la Ley de Cuidado de Salud a Bajo Precio (ACA, por sus siglas en ingl\u00e9s), el Mercado de Seguros de Salud ofrece planes de seguro m\u00e9dico para individuos y familias que no tienen acceso a cobertura a trav\u00e9s de un empleador o programas gubernamentales. Los planes en el Mercado pueden recibir subsidios basados en los ingresos del solicitante.<\/p>\t\t\t\t\t\t\t\t<\/div>\n\t\t\t\t<\/div>\n\t\t\t\t\t<\/div>\n\t\t<\/div>\n\t\t\t\t\t<\/div>\n\t\t<\/section>\n\t\t\t\t\t<\/div>\n\t\t<\/div>\n\t\t\t\t<div class=\"elementor-column elementor-col-50 elementor-top-column elementor-element elementor-element-f96f575\" data-id=\"f96f575\" data-element_type=\"column\" data-e-type=\"column\">\n\t\t\t<div class=\"elementor-widget-wrap elementor-element-populated\">\n\t\t\t\t\t\t<section class=\"elementor-section elementor-inner-section elementor-element elementor-element-c11e96e elementor-section-boxed elementor-section-height-default elementor-section-height-default\" data-id=\"c11e96e\" data-element_type=\"section\" data-e-type=\"section\" data-settings=\"{&quot;background_background&quot;:&quot;classic&quot;}\">\n\t\t\t\t\t\t<div class=\"elementor-container elementor-column-gap-default\">\n\t\t\t\t\t<div class=\"elementor-column elementor-col-50 elementor-inner-column elementor-element elementor-element-a1ee053\" data-id=\"a1ee053\" data-element_type=\"column\" data-e-type=\"column\">\n\t\t\t<div class=\"elementor-widget-wrap elementor-element-populated\">\n\t\t\t\t\t\t<div class=\"elementor-element elementor-element-8c2f55d elementor-widget elementor-widget-image\" data-id=\"8c2f55d\" data-element_type=\"widget\" data-e-type=\"widget\" data-widget_type=\"image.default\">\n\t\t\t\t<div class=\"elementor-widget-container\">\n\t\t\t\t\t\t\t\t\t\t\t\t\t\t\t\t<a href=\"https:\/\/aahin.com\/en\/quote\/\">\n\t\t\t\t\t\t\t<img decoding=\"async\" width=\"1024\" height=\"576\" src=\"https:\/\/aahin.com\/wp-content\/uploads\/2024\/03\/4-3-1024x576.png\" class=\"attachment-large size-large wp-image-1402\" alt=\"\" srcset=\"https:\/\/aahin.com\/wp-content\/uploads\/2024\/03\/4-3-1024x576.png 1024w, https:\/\/aahin.com\/wp-content\/uploads\/2024\/03\/4-3-300x169.png 300w, https:\/\/aahin.com\/wp-content\/uploads\/2024\/03\/4-3-768x432.png 768w, https:\/\/aahin.com\/wp-content\/uploads\/2024\/03\/4-3-18x10.png 18w, https:\/\/aahin.com\/wp-content\/uploads\/2024\/03\/4-3.png 1366w\" sizes=\"(max-width: 1024px) 100vw, 1024px\" \/>\t\t\t\t\t\t\t\t<\/a>\n\t\t\t\t\t\t\t\t\t\t\t\t\t\t\t<\/div>\n\t\t\t\t<\/div>\n\t\t\t\t\t<\/div>\n\t\t<\/div>\n\t\t\t\t<div class=\"elementor-column elementor-col-50 elementor-inner-column elementor-element elementor-element-2b69080\" data-id=\"2b69080\" data-element_type=\"column\" data-e-type=\"column\">\n\t\t\t<div class=\"elementor-widget-wrap elementor-element-populated\">\n\t\t\t\t\t\t<div class=\"elementor-element elementor-element-84b8084 elementor-widget elementor-widget-heading\" data-id=\"84b8084\" data-element_type=\"widget\" data-e-type=\"widget\" data-widget_type=\"heading.default\">\n\t\t\t\t<div class=\"elementor-widget-container\">\n\t\t\t\t\t<h6 class=\"elementor-heading-title elementor-size-default\">Medicare<\/h6>\t\t\t\t<\/div>\n\t\t\t\t<\/div>\n\t\t\t\t<div class=\"elementor-element elementor-element-804b7e5 elementor-widget elementor-widget-text-editor\" data-id=\"804b7e5\" data-element_type=\"widget\" data-e-type=\"widget\" data-widget_type=\"text-editor.default\">\n\t\t\t\t<div class=\"elementor-widget-container\">\n\t\t\t\t\t\t\t\t\t<p>Un programa de seguro de salud administrado por el gobierno federal para personas de 65 a\u00f1os o m\u00e1s, algunas personas m\u00e1s j\u00f3venes con discapacidades calificadas y personas con enfermedad renal en etapa terminal.<\/p>\t\t\t\t\t\t\t\t<\/div>\n\t\t\t\t<\/div>\n\t\t\t\t\t<\/div>\n\t\t<\/div>\n\t\t\t\t\t<\/div>\n\t\t<\/section>\n\t\t\t\t<section class=\"elementor-section elementor-inner-section elementor-element elementor-element-1ecde43 elementor-section-boxed elementor-section-height-default elementor-section-height-default\" data-id=\"1ecde43\" data-element_type=\"section\" data-e-type=\"section\" data-settings=\"{&quot;background_background&quot;:&quot;classic&quot;}\">\n\t\t\t\t\t\t<div class=\"elementor-container elementor-column-gap-default\">\n\t\t\t\t\t<div class=\"elementor-column elementor-col-50 elementor-inner-column elementor-element elementor-element-6c9a9be\" data-id=\"6c9a9be\" data-element_type=\"column\" data-e-type=\"column\">\n\t\t\t<div class=\"elementor-widget-wrap elementor-element-populated\">\n\t\t\t\t\t\t<div class=\"elementor-element elementor-element-fb23731 elementor-widget elementor-widget-image\" data-id=\"fb23731\" data-element_type=\"widget\" data-e-type=\"widget\" data-widget_type=\"image.default\">\n\t\t\t\t<div class=\"elementor-widget-container\">\n\t\t\t\t\t\t\t\t\t\t\t\t\t\t\t\t<a href=\"https:\/\/aahin.com\/en\/quote\/\">\n\t\t\t\t\t\t\t<img loading=\"lazy\" decoding=\"async\" width=\"1024\" height=\"576\" src=\"https:\/\/aahin.com\/wp-content\/uploads\/2024\/03\/5-1024x576.png\" class=\"attachment-large size-large wp-image-1403\" alt=\"\" srcset=\"https:\/\/aahin.com\/wp-content\/uploads\/2024\/03\/5-1024x576.png 1024w, https:\/\/aahin.com\/wp-content\/uploads\/2024\/03\/5-300x169.png 300w, https:\/\/aahin.com\/wp-content\/uploads\/2024\/03\/5-768x432.png 768w, https:\/\/aahin.com\/wp-content\/uploads\/2024\/03\/5-18x10.png 18w, https:\/\/aahin.com\/wp-content\/uploads\/2024\/03\/5.png 1366w\" sizes=\"(max-width: 1024px) 100vw, 1024px\" \/>\t\t\t\t\t\t\t\t<\/a>\n\t\t\t\t\t\t\t\t\t\t\t\t\t\t\t<\/div>\n\t\t\t\t<\/div>\n\t\t\t\t\t<\/div>\n\t\t<\/div>\n\t\t\t\t<div class=\"elementor-column elementor-col-50 elementor-inner-column elementor-element elementor-element-2907f37\" data-id=\"2907f37\" data-element_type=\"column\" data-e-type=\"column\">\n\t\t\t<div class=\"elementor-widget-wrap elementor-element-populated\">\n\t\t\t\t\t\t<div class=\"elementor-element elementor-element-67dcef6 elementor-widget elementor-widget-heading\" data-id=\"67dcef6\" data-element_type=\"widget\" data-e-type=\"widget\" data-widget_type=\"heading.default\">\n\t\t\t\t<div class=\"elementor-widget-container\">\n\t\t\t\t\t<h6 class=\"elementor-heading-title elementor-size-default\">Medicaid<\/h6>\t\t\t\t<\/div>\n\t\t\t\t<\/div>\n\t\t\t\t<div class=\"elementor-element elementor-element-6f21a84 elementor-widget elementor-widget-text-editor\" data-id=\"6f21a84\" data-element_type=\"widget\" data-e-type=\"widget\" data-widget_type=\"text-editor.default\">\n\t\t\t\t<div class=\"elementor-widget-container\">\n\t\t\t\t\t\t\t\t\t<p>Un programa federal y estatal que proporciona cobertura de atenci\u00f3n m\u00e9dica a personas con ingresos y recursos limitados. Los criterios de elegibilidad var\u00edan seg\u00fan el estado y la cobertura puede incluir servicios m\u00e9dicos, cuidados a largo plazo y m\u00e1s.<\/p>\t\t\t\t\t\t\t\t<\/div>\n\t\t\t\t<\/div>\n\t\t\t\t\t<\/div>\n\t\t<\/div>\n\t\t\t\t\t<\/div>\n\t\t<\/section>\n\t\t\t\t\t<\/div>\n\t\t<\/div>\n\t\t\t\t\t<\/div>\n\t\t<\/section>\n\t\t\t\t<\/div>","protected":false},"excerpt":{"rendered":"<p>Nuestros Servicios Entendemos la importancia de contar con una cobertura m\u00e9dica confiable y completa para ti y tu familia. Nuestros planes de seguro de salud est\u00e1n dise\u00f1ados para brindarte la tranquilidad y protecci\u00f3n que necesitas en cada etapa de tu vida. Seguro Medico Privado Ofrecidos por compa\u00f1\u00edas de seguros privadas, estos planes pueden variar en&#8230;<\/p>","protected":false},"author":1,"featured_media":686,"parent":0,"menu_order":0,"comment_status":"closed","ping_status":"closed","template":"","meta":{"_coblocks_attr":"","_coblocks_dimensions":"","_coblocks_responsive_height":"","_coblocks_accordion_ie_support":"","_kadence_starter_templates_imported_post":true,"_kad_post_transparent":"","_kad_post_title":"hide","_kad_post_layout":"fullwidth","_kad_post_sidebar_id":"","_kad_post_content_style":"unboxed","_kad_post_vertical_padding":"hide","_kad_post_feature":"hide","_kad_post_feature_position":"","_kad_post_header":false,"_kad_post_footer":false,"_kad_post_classname":"","footnotes":""},"class_list":["post-109","page","type-page","status-publish","has-post-thumbnail","hentry"],"yoast_head":"<!-- This site is optimized with the Yoast SEO plugin v27.5 - https:\/\/yoast.com\/product\/yoast-seo-wordpress\/ -->\n<title>Services - All Access Insurance Network<\/title>\n<meta name=\"robots\" content=\"index, follow, max-snippet:-1, max-image-preview:large, max-video-preview:-1\" \/>\n<link rel=\"canonical\" href=\"https:\/\/aahin.com\/en\/our-services\/\" \/>\n<meta property=\"og:locale\" content=\"en_US\" \/>\n<meta property=\"og:type\" content=\"article\" \/>\n<meta property=\"og:title\" content=\"Services - All Access Insurance Network\" \/>\n<meta property=\"og:description\" content=\"Nuestros Servicios Entendemos la importancia de contar con una cobertura m\u00e9dica confiable y completa para ti y tu familia. Nuestros planes de seguro de salud est\u00e1n dise\u00f1ados para brindarte la tranquilidad y protecci\u00f3n que necesitas en cada etapa de tu vida. Seguro Medico Privado Ofrecidos por compa\u00f1\u00edas de seguros privadas, estos planes pueden variar en...\" \/>\n<meta property=\"og:url\" content=\"https:\/\/aahin.com\/en\/our-services\/\" \/>\n<meta property=\"og:site_name\" content=\"All Access Insurance Network\" \/>\n<meta property=\"article:modified_time\" content=\"2024-05-08T01:13:51+00:00\" \/>\n<meta name=\"twitter:card\" content=\"summary_large_image\" \/>\n<meta name=\"twitter:label1\" content=\"Est. reading time\" \/>\n\t<meta name=\"twitter:data1\" content=\"2 minutes\" \/>\n<script type=\"application\/ld+json\" class=\"yoast-schema-graph\">{\"@context\":\"https:\\\/\\\/schema.org\",\"@graph\":[{\"@type\":\"WebPage\",\"@id\":\"https:\\\/\\\/aahin.com\\\/our-services\\\/\",\"url\":\"https:\\\/\\\/aahin.com\\\/our-services\\\/\",\"name\":\"Services - All Access Insurance Network\",\"isPartOf\":{\"@id\":\"https:\\\/\\\/aahin.com\\\/#website\"},\"primaryImageOfPage\":{\"@id\":\"https:\\\/\\\/aahin.com\\\/our-services\\\/#primaryimage\"},\"image\":{\"@id\":\"https:\\\/\\\/aahin.com\\\/our-services\\\/#primaryimage\"},\"thumbnailUrl\":\"\",\"datePublished\":\"2021-10-30T10:13:14+00:00\",\"dateModified\":\"2024-05-08T01:13:51+00:00\",\"breadcrumb\":{\"@id\":\"https:\\\/\\\/aahin.com\\\/our-services\\\/#breadcrumb\"},\"inLanguage\":\"en-US\",\"potentialAction\":[{\"@type\":\"ReadAction\",\"target\":[\"https:\\\/\\\/aahin.com\\\/our-services\\\/\"]}]},{\"@type\":\"ImageObject\",\"inLanguage\":\"en-US\",\"@id\":\"https:\\\/\\\/aahin.com\\\/our-services\\\/#primaryimage\",\"url\":\"\",\"contentUrl\":\"\"},{\"@type\":\"BreadcrumbList\",\"@id\":\"https:\\\/\\\/aahin.com\\\/our-services\\\/#breadcrumb\",\"itemListElement\":[{\"@type\":\"ListItem\",\"position\":1,\"name\":\"Home\",\"item\":\"https:\\\/\\\/aahin.com\\\/\"},{\"@type\":\"ListItem\",\"position\":2,\"name\":\"Services\"}]},{\"@type\":\"WebSite\",\"@id\":\"https:\\\/\\\/aahin.com\\\/#website\",\"url\":\"https:\\\/\\\/aahin.com\\\/\",\"name\":\"All Access Insurance Network\",\"description\":\"\",\"publisher\":{\"@id\":\"https:\\\/\\\/aahin.com\\\/#organization\"},\"potentialAction\":[{\"@type\":\"SearchAction\",\"target\":{\"@type\":\"EntryPoint\",\"urlTemplate\":\"https:\\\/\\\/aahin.com\\\/?s={search_term_string}\"},\"query-input\":{\"@type\":\"PropertyValueSpecification\",\"valueRequired\":true,\"valueName\":\"search_term_string\"}}],\"inLanguage\":\"en-US\"},{\"@type\":\"Organization\",\"@id\":\"https:\\\/\\\/aahin.com\\\/#organization\",\"name\":\"All Access Insurance Network\",\"url\":\"https:\\\/\\\/aahin.com\\\/\",\"logo\":{\"@type\":\"ImageObject\",\"inLanguage\":\"en-US\",\"@id\":\"https:\\\/\\\/aahin.com\\\/#\\\/schema\\\/logo\\\/image\\\/\",\"url\":\"https:\\\/\\\/aahin.com\\\/wp-content\\\/uploads\\\/2024\\\/03\\\/aahin_logo-2.png\",\"contentUrl\":\"https:\\\/\\\/aahin.com\\\/wp-content\\\/uploads\\\/2024\\\/03\\\/aahin_logo-2.png\",\"width\":500,\"height\":500,\"caption\":\"All Access Insurance Network\"},\"image\":{\"@id\":\"https:\\\/\\\/aahin.com\\\/#\\\/schema\\\/logo\\\/image\\\/\"}}]}<\/script>\n<!-- \/ Yoast SEO plugin. -->","yoast_head_json":{"title":"Services - All Access Insurance Network","robots":{"index":"index","follow":"follow","max-snippet":"max-snippet:-1","max-image-preview":"max-image-preview:large","max-video-preview":"max-video-preview:-1"},"canonical":"https:\/\/aahin.com\/en\/our-services\/","og_locale":"en_US","og_type":"article","og_title":"Services - All Access Insurance Network","og_description":"Nuestros Servicios Entendemos la importancia de contar con una cobertura m\u00e9dica confiable y completa para ti y tu familia. Nuestros planes de seguro de salud est\u00e1n dise\u00f1ados para brindarte la tranquilidad y protecci\u00f3n que necesitas en cada etapa de tu vida. Seguro Medico Privado Ofrecidos por compa\u00f1\u00edas de seguros privadas, estos planes pueden variar en...","og_url":"https:\/\/aahin.com\/en\/our-services\/","og_site_name":"All Access Insurance Network","article_modified_time":"2024-05-08T01:13:51+00:00","twitter_card":"summary_large_image","twitter_misc":{"Est. reading time":"2 minutes"},"schema":{"@context":"https:\/\/schema.org","@graph":[{"@type":"WebPage","@id":"https:\/\/aahin.com\/our-services\/","url":"https:\/\/aahin.com\/our-services\/","name":"Services - All Access Insurance Network","isPartOf":{"@id":"https:\/\/aahin.com\/#website"},"primaryImageOfPage":{"@id":"https:\/\/aahin.com\/our-services\/#primaryimage"},"image":{"@id":"https:\/\/aahin.com\/our-services\/#primaryimage"},"thumbnailUrl":"","datePublished":"2021-10-30T10:13:14+00:00","dateModified":"2024-05-08T01:13:51+00:00","breadcrumb":{"@id":"https:\/\/aahin.com\/our-services\/#breadcrumb"},"inLanguage":"en-US","potentialAction":[{"@type":"ReadAction","target":["https:\/\/aahin.com\/our-services\/"]}]},{"@type":"ImageObject","inLanguage":"en-US","@id":"https:\/\/aahin.com\/our-services\/#primaryimage","url":"","contentUrl":""},{"@type":"BreadcrumbList","@id":"https:\/\/aahin.com\/our-services\/#breadcrumb","itemListElement":[{"@type":"ListItem","position":1,"name":"Home","item":"https:\/\/aahin.com\/"},{"@type":"ListItem","position":2,"name":"Services"}]},{"@type":"WebSite","@id":"https:\/\/aahin.com\/#website","url":"https:\/\/aahin.com\/","name":"All Access Insurance Network","description":"","publisher":{"@id":"https:\/\/aahin.com\/#organization"},"potentialAction":[{"@type":"SearchAction","target":{"@type":"EntryPoint","urlTemplate":"https:\/\/aahin.com\/?s={search_term_string}"},"query-input":{"@type":"PropertyValueSpecification","valueRequired":true,"valueName":"search_term_string"}}],"inLanguage":"en-US"},{"@type":"Organization","@id":"https:\/\/aahin.com\/#organization","name":"All Access Insurance Network","url":"https:\/\/aahin.com\/","logo":{"@type":"ImageObject","inLanguage":"en-US","@id":"https:\/\/aahin.com\/#\/schema\/logo\/image\/","url":"https:\/\/aahin.com\/wp-content\/uploads\/2024\/03\/aahin_logo-2.png","contentUrl":"https:\/\/aahin.com\/wp-content\/uploads\/2024\/03\/aahin_logo-2.png","width":500,"height":500,"caption":"All Access Insurance Network"},"image":{"@id":"https:\/\/aahin.com\/#\/schema\/logo\/image\/"}}]}},"_links":{"self":[{"href":"https:\/\/aahin.com\/en\/wp-json\/wp\/v2\/pages\/109","targetHints":{"allow":["GET"]}}],"collection":[{"href":"https:\/\/aahin.com\/en\/wp-json\/wp\/v2\/pages"}],"about":[{"href":"https:\/\/aahin.com\/en\/wp-json\/wp\/v2\/types\/page"}],"author":[{"embeddable":true,"href":"https:\/\/aahin.com\/en\/wp-json\/wp\/v2\/users\/1"}],"replies":[{"embeddable":true,"href":"https:\/\/aahin.com\/en\/wp-json\/wp\/v2\/comments?post=109"}],"version-history":[{"count":19,"href":"https:\/\/aahin.com\/en\/wp-json\/wp\/v2\/pages\/109\/revisions"}],"predecessor-version":[{"id":1698,"href":"https:\/\/aahin.com\/en\/wp-json\/wp\/v2\/pages\/109\/revisions\/1698"}],"wp:featuredmedia":[{"embeddable":true,"href":"https:\/\/aahin.com\/en\/wp-json\/"}],"wp:attachment":[{"href":"https:\/\/aahin.com\/en\/wp-json\/wp\/v2\/media?parent=109"}],"curies":[{"name":"wp","href":"https:\/\/api.w.org\/{rel}","templated":true}]}}