{"id":22,"date":"2022-06-10T15:46:49","date_gmt":"2022-06-10T15:46:49","guid":{"rendered":"https:\/\/kadence.pixel-show.com\/cleaning-services\/?page_id=22"},"modified":"2024-05-08T01:09:04","modified_gmt":"2024-05-08T01:09:04","slug":"appointment","status":"publish","type":"page","link":"https:\/\/aahin.com\/en\/appointment\/","title":{"rendered":"About"},"content":{"rendered":"<div data-elementor-type=\"wp-page\" data-elementor-id=\"22\" class=\"elementor elementor-22\">\n\t\t\t\t\t\t<section class=\"elementor-section elementor-top-section elementor-element elementor-element-4553cd3 elementor-section-boxed elementor-section-height-default elementor-section-height-default\" data-id=\"4553cd3\" data-element_type=\"section\" data-e-type=\"section\" data-settings=\"{&quot;background_background&quot;:&quot;classic&quot;}\">\n\t\t\t\t\t\t\t<div class=\"elementor-background-overlay\"><\/div>\n\t\t\t\t\t\t\t<div class=\"elementor-container elementor-column-gap-default\">\n\t\t\t\t\t<div class=\"elementor-column elementor-col-100 elementor-top-column elementor-element elementor-element-3c5cd1c\" data-id=\"3c5cd1c\" data-element_type=\"column\" data-e-type=\"column\">\n\t\t\t<div class=\"elementor-widget-wrap\">\n\t\t\t\t\t\t\t<\/div>\n\t\t<\/div>\n\t\t\t\t\t<\/div>\n\t\t<\/section>\n\t\t<div class=\"elementor-element elementor-element-3624663 e-flex e-con-boxed e-con e-parent\" data-id=\"3624663\" data-element_type=\"container\" data-e-type=\"container\">\n\t\t\t\t\t<div class=\"e-con-inner\">\n\t\t\t\t<div class=\"elementor-element elementor-element-ef5d459 elementor-widget elementor-widget-heading\" data-id=\"ef5d459\" data-element_type=\"widget\" data-e-type=\"widget\" data-widget_type=\"heading.default\">\n\t\t\t\t<div class=\"elementor-widget-container\">\n\t\t\t\t\t<h2 class=\"elementor-heading-title elementor-size-default\">About Us<\/h2>\t\t\t\t<\/div>\n\t\t\t\t<\/div>\n\t\t\t\t\t<\/div>\n\t\t\t\t<\/div>\n\t\t\t\t<section class=\"elementor-section elementor-top-section elementor-element elementor-element-f15e67e elementor-section-boxed elementor-section-height-default elementor-section-height-default\" data-id=\"f15e67e\" data-element_type=\"section\" data-e-type=\"section\">\n\t\t\t\t\t\t<div class=\"elementor-container elementor-column-gap-default\">\n\t\t\t\t\t<div class=\"elementor-column elementor-col-50 elementor-top-column elementor-element elementor-element-2c1f40e\" data-id=\"2c1f40e\" data-element_type=\"column\" data-e-type=\"column\">\n\t\t\t<div class=\"elementor-widget-wrap elementor-element-populated\">\n\t\t\t\t\t\t<div class=\"elementor-element elementor-element-a141fa1 elementor-widget elementor-widget-heading\" data-id=\"a141fa1\" data-element_type=\"widget\" data-e-type=\"widget\" data-widget_type=\"heading.default\">\n\t\t\t\t<div class=\"elementor-widget-container\">\n\t\t\t\t\t<h2 class=\"elementor-heading-title elementor-size-default\">Misi\u00f3n<\/h2>\t\t\t\t<\/div>\n\t\t\t\t<\/div>\n\t\t\t\t<div class=\"elementor-element elementor-element-b39c992 elementor-widget elementor-widget-text-editor\" data-id=\"b39c992\" data-element_type=\"widget\" data-e-type=\"widget\" data-widget_type=\"text-editor.default\">\n\t\t\t\t<div class=\"elementor-widget-container\">\n\t\t\t\t\t\t\t\t\t<p>Nuestra misi\u00f3n es proporcionar tranquilidad y seguridad a nuestros clientes ofreciendo soluciones integrales de seguros m\u00e9dicos que garanticen un acceso oportuno y de calidad a los servicios de atenci\u00f3n m\u00e9dica. Estamos comprometidos a ser un socio confiable y comprensivo, brindando orientaci\u00f3n experta y personalizada para satisfacer las necesidades de salud y bienestar de cada individuo y familia que nos conf\u00eda.<\/p>\t\t\t\t\t\t\t\t<\/div>\n\t\t\t\t<\/div>\n\t\t\t\t\t<\/div>\n\t\t<\/div>\n\t\t\t\t<div class=\"elementor-column elementor-col-50 elementor-top-column elementor-element elementor-element-ba7abc3\" data-id=\"ba7abc3\" data-element_type=\"column\" data-e-type=\"column\">\n\t\t\t<div class=\"elementor-widget-wrap elementor-element-populated\">\n\t\t\t\t\t\t<div class=\"elementor-element elementor-element-9e5bbc0 elementor-widget elementor-widget-heading\" data-id=\"9e5bbc0\" data-element_type=\"widget\" data-e-type=\"widget\" data-widget_type=\"heading.default\">\n\t\t\t\t<div class=\"elementor-widget-container\">\n\t\t\t\t\t<h2 class=\"elementor-heading-title elementor-size-default\">Visi\u00f3n<\/h2>\t\t\t\t<\/div>\n\t\t\t\t<\/div>\n\t\t\t\t<div class=\"elementor-element elementor-element-283fdd2 elementor-widget elementor-widget-text-editor\" data-id=\"283fdd2\" data-element_type=\"widget\" data-e-type=\"widget\" data-widget_type=\"text-editor.default\">\n\t\t\t\t<div class=\"elementor-widget-container\">\n\t\t\t\t\t\t\t\t\t<p>La visi\u00f3n de nuestra compa\u00f1\u00eda de seguros m\u00e9dicos es liderar la industria como innovadores en la provisi\u00f3n de soluciones de salud personalizadas centradas en el cliente. Nos esforzamos por ser reconocidos como el est\u00e1ndar de oro en la prestaci\u00f3n de servicios de seguros m\u00e9dicos, utilizando tecnolog\u00eda de vanguardia y un enfoque centrado en el cliente adaptado a las necesidades individuales de nuestros asegurados.<\/p>\t\t\t\t\t\t\t\t<\/div>\n\t\t\t\t<\/div>\n\t\t\t\t\t<\/div>\n\t\t<\/div>\n\t\t\t\t\t<\/div>\n\t\t<\/section>\n\t\t<div class=\"elementor-element elementor-element-99240b5 e-grid e-con-boxed e-con e-parent\" data-id=\"99240b5\" data-element_type=\"container\" data-e-type=\"container\">\n\t\t\t\t\t<div class=\"e-con-inner\">\n\t\t\t\t<div class=\"elementor-element elementor-element-cbbf248 elementor-widget elementor-widget-image\" data-id=\"cbbf248\" data-element_type=\"widget\" data-e-type=\"widget\" data-widget_type=\"image.default\">\n\t\t\t\t<div class=\"elementor-widget-container\">\n\t\t\t\t\t\t\t\t\t\t\t\t\t\t\t<img fetchpriority=\"high\" decoding=\"async\" width=\"1024\" height=\"576\" src=\"https:\/\/aahin.com\/wp-content\/uploads\/2024\/03\/22-1024x576.png\" class=\"attachment-large size-large wp-image-1577\" alt=\"\" srcset=\"https:\/\/aahin.com\/wp-content\/uploads\/2024\/03\/22-1024x576.png 1024w, https:\/\/aahin.com\/wp-content\/uploads\/2024\/03\/22-300x169.png 300w, https:\/\/aahin.com\/wp-content\/uploads\/2024\/03\/22-768x432.png 768w, https:\/\/aahin.com\/wp-content\/uploads\/2024\/03\/22-18x10.png 18w, https:\/\/aahin.com\/wp-content\/uploads\/2024\/03\/22.png 1366w\" sizes=\"(max-width: 1024px) 100vw, 1024px\" \/>\t\t\t\t\t\t\t\t\t\t\t\t\t\t\t<\/div>\n\t\t\t\t<\/div>\n\t\t\t\t<div class=\"elementor-element elementor-element-de12b0b elementor-widget elementor-widget-image\" data-id=\"de12b0b\" data-element_type=\"widget\" data-e-type=\"widget\" data-widget_type=\"image.default\">\n\t\t\t\t<div class=\"elementor-widget-container\">\n\t\t\t\t\t\t\t\t\t\t\t\t\t\t\t<img decoding=\"async\" width=\"1024\" height=\"576\" src=\"https:\/\/aahin.com\/wp-content\/uploads\/2024\/03\/24-1024x576.png\" class=\"attachment-large size-large wp-image-1578\" alt=\"\" srcset=\"https:\/\/aahin.com\/wp-content\/uploads\/2024\/03\/24-1024x576.png 1024w, https:\/\/aahin.com\/wp-content\/uploads\/2024\/03\/24-300x169.png 300w, https:\/\/aahin.com\/wp-content\/uploads\/2024\/03\/24-768x432.png 768w, https:\/\/aahin.com\/wp-content\/uploads\/2024\/03\/24-18x10.png 18w, https:\/\/aahin.com\/wp-content\/uploads\/2024\/03\/24.png 1366w\" sizes=\"(max-width: 1024px) 100vw, 1024px\" \/>\t\t\t\t\t\t\t\t\t\t\t\t\t\t\t<\/div>\n\t\t\t\t<\/div>\n\t\t\t\t<div class=\"elementor-element elementor-element-7f05f14 elementor-widget elementor-widget-image\" data-id=\"7f05f14\" data-element_type=\"widget\" data-e-type=\"widget\" data-widget_type=\"image.default\">\n\t\t\t\t<div class=\"elementor-widget-container\">\n\t\t\t\t\t\t\t\t\t\t\t\t\t\t\t<img decoding=\"async\" width=\"1024\" height=\"576\" src=\"https:\/\/aahin.com\/wp-content\/uploads\/2024\/03\/23-1024x576.png\" class=\"attachment-large size-large wp-image-1579\" alt=\"\" srcset=\"https:\/\/aahin.com\/wp-content\/uploads\/2024\/03\/23-1024x576.png 1024w, https:\/\/aahin.com\/wp-content\/uploads\/2024\/03\/23-300x169.png 300w, https:\/\/aahin.com\/wp-content\/uploads\/2024\/03\/23-768x432.png 768w, https:\/\/aahin.com\/wp-content\/uploads\/2024\/03\/23-18x10.png 18w, https:\/\/aahin.com\/wp-content\/uploads\/2024\/03\/23.png 1366w\" sizes=\"(max-width: 1024px) 100vw, 1024px\" \/>\t\t\t\t\t\t\t\t\t\t\t\t\t\t\t<\/div>\n\t\t\t\t<\/div>\n\t\t\t\t\t<\/div>\n\t\t\t\t<\/div>\n\t\t<div class=\"elementor-element elementor-element-28640ec e-flex e-con-boxed e-con e-parent\" data-id=\"28640ec\" data-element_type=\"container\" data-e-type=\"container\">\n\t\t\t\t\t<div class=\"e-con-inner\">\n\t\t\t\t\t<\/div>\n\t\t\t\t<\/div>\n\t\t\t\t<\/div>","protected":false},"excerpt":{"rendered":"<p>Nosotros Misi\u00f3n Nuestra misi\u00f3n es proporcionar tranquilidad y seguridad a nuestros clientes ofreciendo soluciones integrales de seguros m\u00e9dicos que garanticen un acceso oportuno y de calidad a los servicios de atenci\u00f3n m\u00e9dica. Estamos comprometidos a ser un socio confiable y comprensivo, brindando orientaci\u00f3n experta y personalizada para satisfacer las necesidades de salud y bienestar de&#8230;<\/p>","protected":false},"author":1,"featured_media":0,"parent":0,"menu_order":0,"comment_status":"closed","ping_status":"closed","template":"","meta":{"_coblocks_attr":"","_coblocks_dimensions":"","_coblocks_responsive_height":"","_coblocks_accordion_ie_support":"","_kadence_starter_templates_imported_post":true,"_kad_post_transparent":"","_kad_post_title":"hide","_kad_post_layout":"fullwidth","_kad_post_sidebar_id":"","_kad_post_content_style":"unboxed","_kad_post_vertical_padding":"hide","_kad_post_feature":"hide","_kad_post_feature_position":"","_kad_post_header":false,"_kad_post_footer":false,"_kad_post_classname":"","footnotes":""},"class_list":["post-22","page","type-page","status-publish","hentry"],"yoast_head":"<!-- This site is optimized with the Yoast SEO plugin v27.5 - https:\/\/yoast.com\/product\/yoast-seo-wordpress\/ -->\n<title>About - All Access Insurance Network<\/title>\n<meta name=\"robots\" content=\"index, follow, max-snippet:-1, max-image-preview:large, max-video-preview:-1\" \/>\n<link rel=\"canonical\" href=\"https:\/\/aahin.com\/en\/appointment\/\" \/>\n<meta property=\"og:locale\" content=\"en_US\" \/>\n<meta property=\"og:type\" content=\"article\" \/>\n<meta property=\"og:title\" content=\"About - All Access Insurance Network\" \/>\n<meta property=\"og:description\" content=\"Nosotros Misi\u00f3n Nuestra misi\u00f3n es proporcionar tranquilidad y seguridad a nuestros clientes ofreciendo soluciones integrales de seguros m\u00e9dicos que garanticen un acceso oportuno y de calidad a los servicios de atenci\u00f3n m\u00e9dica. Estamos comprometidos a ser un socio confiable y comprensivo, brindando orientaci\u00f3n experta y personalizada para satisfacer las necesidades de salud y bienestar de...\" \/>\n<meta property=\"og:url\" content=\"https:\/\/aahin.com\/en\/appointment\/\" \/>\n<meta property=\"og:site_name\" content=\"All Access Insurance Network\" \/>\n<meta property=\"article:modified_time\" content=\"2024-05-08T01:09:04+00:00\" \/>\n<meta property=\"og:image\" content=\"https:\/\/aahin.com\/wp-content\/uploads\/2024\/03\/22-1024x576.png\" \/>\n<meta name=\"twitter:card\" content=\"summary_large_image\" \/>\n<meta name=\"twitter:label1\" content=\"Est. reading time\" \/>\n\t<meta name=\"twitter:data1\" content=\"2 minutes\" \/>\n<script type=\"application\/ld+json\" class=\"yoast-schema-graph\">{\"@context\":\"https:\\\/\\\/schema.org\",\"@graph\":[{\"@type\":\"WebPage\",\"@id\":\"https:\\\/\\\/aahin.com\\\/appointment\\\/\",\"url\":\"https:\\\/\\\/aahin.com\\\/appointment\\\/\",\"name\":\"About - All Access Insurance Network\",\"isPartOf\":{\"@id\":\"https:\\\/\\\/aahin.com\\\/#website\"},\"primaryImageOfPage\":{\"@id\":\"https:\\\/\\\/aahin.com\\\/appointment\\\/#primaryimage\"},\"image\":{\"@id\":\"https:\\\/\\\/aahin.com\\\/appointment\\\/#primaryimage\"},\"thumbnailUrl\":\"https:\\\/\\\/aahin.com\\\/wp-content\\\/uploads\\\/2024\\\/03\\\/22-1024x576.png\",\"datePublished\":\"2022-06-10T15:46:49+00:00\",\"dateModified\":\"2024-05-08T01:09:04+00:00\",\"breadcrumb\":{\"@id\":\"https:\\\/\\\/aahin.com\\\/appointment\\\/#breadcrumb\"},\"inLanguage\":\"en-US\",\"potentialAction\":[{\"@type\":\"ReadAction\",\"target\":[\"https:\\\/\\\/aahin.com\\\/appointment\\\/\"]}]},{\"@type\":\"ImageObject\",\"inLanguage\":\"en-US\",\"@id\":\"https:\\\/\\\/aahin.com\\\/appointment\\\/#primaryimage\",\"url\":\"https:\\\/\\\/aahin.com\\\/wp-content\\\/uploads\\\/2024\\\/03\\\/22-1024x576.png\",\"contentUrl\":\"https:\\\/\\\/aahin.com\\\/wp-content\\\/uploads\\\/2024\\\/03\\\/22-1024x576.png\"},{\"@type\":\"BreadcrumbList\",\"@id\":\"https:\\\/\\\/aahin.com\\\/appointment\\\/#breadcrumb\",\"itemListElement\":[{\"@type\":\"ListItem\",\"position\":1,\"name\":\"Home\",\"item\":\"https:\\\/\\\/aahin.com\\\/\"},{\"@type\":\"ListItem\",\"position\":2,\"name\":\"About\"}]},{\"@type\":\"WebSite\",\"@id\":\"https:\\\/\\\/aahin.com\\\/#website\",\"url\":\"https:\\\/\\\/aahin.com\\\/\",\"name\":\"All Access Insurance Network\",\"description\":\"\",\"publisher\":{\"@id\":\"https:\\\/\\\/aahin.com\\\/#organization\"},\"potentialAction\":[{\"@type\":\"SearchAction\",\"target\":{\"@type\":\"EntryPoint\",\"urlTemplate\":\"https:\\\/\\\/aahin.com\\\/?s={search_term_string}\"},\"query-input\":{\"@type\":\"PropertyValueSpecification\",\"valueRequired\":true,\"valueName\":\"search_term_string\"}}],\"inLanguage\":\"en-US\"},{\"@type\":\"Organization\",\"@id\":\"https:\\\/\\\/aahin.com\\\/#organization\",\"name\":\"All Access Insurance Network\",\"url\":\"https:\\\/\\\/aahin.com\\\/\",\"logo\":{\"@type\":\"ImageObject\",\"inLanguage\":\"en-US\",\"@id\":\"https:\\\/\\\/aahin.com\\\/#\\\/schema\\\/logo\\\/image\\\/\",\"url\":\"https:\\\/\\\/aahin.com\\\/wp-content\\\/uploads\\\/2024\\\/03\\\/aahin_logo-2.png\",\"contentUrl\":\"https:\\\/\\\/aahin.com\\\/wp-content\\\/uploads\\\/2024\\\/03\\\/aahin_logo-2.png\",\"width\":500,\"height\":500,\"caption\":\"All Access Insurance Network\"},\"image\":{\"@id\":\"https:\\\/\\\/aahin.com\\\/#\\\/schema\\\/logo\\\/image\\\/\"}}]}<\/script>\n<!-- \/ Yoast SEO plugin. -->","yoast_head_json":{"title":"About - All Access Insurance Network","robots":{"index":"index","follow":"follow","max-snippet":"max-snippet:-1","max-image-preview":"max-image-preview:large","max-video-preview":"max-video-preview:-1"},"canonical":"https:\/\/aahin.com\/en\/appointment\/","og_locale":"en_US","og_type":"article","og_title":"About - All Access Insurance Network","og_description":"Nosotros Misi\u00f3n Nuestra misi\u00f3n es proporcionar tranquilidad y seguridad a nuestros clientes ofreciendo soluciones integrales de seguros m\u00e9dicos que garanticen un acceso oportuno y de calidad a los servicios de atenci\u00f3n m\u00e9dica. Estamos comprometidos a ser un socio confiable y comprensivo, brindando orientaci\u00f3n experta y personalizada para satisfacer las necesidades de salud y bienestar de...","og_url":"https:\/\/aahin.com\/en\/appointment\/","og_site_name":"All Access Insurance Network","article_modified_time":"2024-05-08T01:09:04+00:00","og_image":[{"url":"https:\/\/aahin.com\/wp-content\/uploads\/2024\/03\/22-1024x576.png","type":"","width":"","height":""}],"twitter_card":"summary_large_image","twitter_misc":{"Est. reading time":"2 minutes"},"schema":{"@context":"https:\/\/schema.org","@graph":[{"@type":"WebPage","@id":"https:\/\/aahin.com\/appointment\/","url":"https:\/\/aahin.com\/appointment\/","name":"About - All Access Insurance Network","isPartOf":{"@id":"https:\/\/aahin.com\/#website"},"primaryImageOfPage":{"@id":"https:\/\/aahin.com\/appointment\/#primaryimage"},"image":{"@id":"https:\/\/aahin.com\/appointment\/#primaryimage"},"thumbnailUrl":"https:\/\/aahin.com\/wp-content\/uploads\/2024\/03\/22-1024x576.png","datePublished":"2022-06-10T15:46:49+00:00","dateModified":"2024-05-08T01:09:04+00:00","breadcrumb":{"@id":"https:\/\/aahin.com\/appointment\/#breadcrumb"},"inLanguage":"en-US","potentialAction":[{"@type":"ReadAction","target":["https:\/\/aahin.com\/appointment\/"]}]},{"@type":"ImageObject","inLanguage":"en-US","@id":"https:\/\/aahin.com\/appointment\/#primaryimage","url":"https:\/\/aahin.com\/wp-content\/uploads\/2024\/03\/22-1024x576.png","contentUrl":"https:\/\/aahin.com\/wp-content\/uploads\/2024\/03\/22-1024x576.png"},{"@type":"BreadcrumbList","@id":"https:\/\/aahin.com\/appointment\/#breadcrumb","itemListElement":[{"@type":"ListItem","position":1,"name":"Home","item":"https:\/\/aahin.com\/"},{"@type":"ListItem","position":2,"name":"About"}]},{"@type":"WebSite","@id":"https:\/\/aahin.com\/#website","url":"https:\/\/aahin.com\/","name":"All Access Insurance Network","description":"","publisher":{"@id":"https:\/\/aahin.com\/#organization"},"potentialAction":[{"@type":"SearchAction","target":{"@type":"EntryPoint","urlTemplate":"https:\/\/aahin.com\/?s={search_term_string}"},"query-input":{"@type":"PropertyValueSpecification","valueRequired":true,"valueName":"search_term_string"}}],"inLanguage":"en-US"},{"@type":"Organization","@id":"https:\/\/aahin.com\/#organization","name":"All Access Insurance Network","url":"https:\/\/aahin.com\/","logo":{"@type":"ImageObject","inLanguage":"en-US","@id":"https:\/\/aahin.com\/#\/schema\/logo\/image\/","url":"https:\/\/aahin.com\/wp-content\/uploads\/2024\/03\/aahin_logo-2.png","contentUrl":"https:\/\/aahin.com\/wp-content\/uploads\/2024\/03\/aahin_logo-2.png","width":500,"height":500,"caption":"All Access Insurance Network"},"image":{"@id":"https:\/\/aahin.com\/#\/schema\/logo\/image\/"}}]}},"_links":{"self":[{"href":"https:\/\/aahin.com\/en\/wp-json\/wp\/v2\/pages\/22","targetHints":{"allow":["GET"]}}],"collection":[{"href":"https:\/\/aahin.com\/en\/wp-json\/wp\/v2\/pages"}],"about":[{"href":"https:\/\/aahin.com\/en\/wp-json\/wp\/v2\/types\/page"}],"author":[{"embeddable":true,"href":"https:\/\/aahin.com\/en\/wp-json\/wp\/v2\/users\/1"}],"replies":[{"embeddable":true,"href":"https:\/\/aahin.com\/en\/wp-json\/wp\/v2\/comments?post=22"}],"version-history":[{"count":14,"href":"https:\/\/aahin.com\/en\/wp-json\/wp\/v2\/pages\/22\/revisions"}],"predecessor-version":[{"id":1694,"href":"https:\/\/aahin.com\/en\/wp-json\/wp\/v2\/pages\/22\/revisions\/1694"}],"wp:attachment":[{"href":"https:\/\/aahin.com\/en\/wp-json\/wp\/v2\/media?parent=22"}],"curies":[{"name":"wp","href":"https:\/\/api.w.org\/{rel}","templated":true}]}}